{"id":8,"date":"2015-02-07T16:02:53","date_gmt":"2015-02-07T15:02:53","guid":{"rendered":"http:\/\/www.hard-energetik.cz\/?page_id=8"},"modified":"2015-03-11T11:34:09","modified_gmt":"2015-03-11T10:34:09","slug":"fff","status":"publish","type":"page","link":"https:\/\/www.hard-energetik.cz\/","title":{"rendered":"O FIRM\u011a"},"content":{"rendered":"<p>Zab\u00fdv\u00e1me se poradenstv\u00edm v oblasti energetiky. P\u0159ednostn\u011b hled\u00e1me \u00faspory ve spot\u0159eb\u00e1ch a kontrolujeme vhodnost sjednan\u00fdch tarif\u016f.<\/p>\n<p>Spolupracujeme nejen s velk\u00fdmi odb\u011brateli a \u0159et\u011bzci, ale rad\u00edme i maloodb\u011bratel\u016fm<\/p>\n<p>Pom\u016f\u017eeme s p\u0159evodem z maloodb\u011bru do velkoodb\u011bru.<\/p>\n","protected":false},"excerpt":{"rendered":"<p>Zab\u00fdv\u00e1me se poradenstv\u00edm v oblasti energetiky. P\u0159ednostn\u011b hled\u00e1me \u00faspory ve spot\u0159eb\u00e1ch a kontrolujeme vhodnost sjednan\u00fdch tarif\u016f. Spolupracujeme nejen s velk\u00fdmi odb\u011brateli a \u0159et\u011bzci, ale rad\u00edme i maloodb\u011bratel\u016fm Pom\u016f\u017eeme s p\u0159evodem z maloodb\u011bru do velkoodb\u011bru.<\/p>\n","protected":false},"author":1,"featured_media":0,"parent":0,"menu_order":0,"comment_status":"closed","ping_status":"open","template":"","meta":{"footnotes":""},"class_list":["post-8","page","type-page","status-publish","hentry"],"_links":{"self":[{"href":"https:\/\/www.hard-energetik.cz\/index.php?rest_route=\/wp\/v2\/pages\/8","targetHints":{"allow":["GET"]}}],"collection":[{"href":"https:\/\/www.hard-energetik.cz\/index.php?rest_route=\/wp\/v2\/pages"}],"about":[{"href":"https:\/\/www.hard-energetik.cz\/index.php?rest_route=\/wp\/v2\/types\/page"}],"author":[{"embeddable":true,"href":"https:\/\/www.hard-energetik.cz\/index.php?rest_route=\/wp\/v2\/users\/1"}],"replies":[{"embeddable":true,"href":"https:\/\/www.hard-energetik.cz\/index.php?rest_route=%2Fwp%2Fv2%2Fcomments&post=8"}],"version-history":[{"count":5,"href":"https:\/\/www.hard-energetik.cz\/index.php?rest_route=\/wp\/v2\/pages\/8\/revisions"}],"predecessor-version":[{"id":16,"href":"https:\/\/www.hard-energetik.cz\/index.php?rest_route=\/wp\/v2\/pages\/8\/revisions\/16"}],"wp:attachment":[{"href":"https:\/\/www.hard-energetik.cz\/index.php?rest_route=%2Fwp%2Fv2%2Fmedia&parent=8"}],"curies":[{"name":"wp","href":"https:\/\/api.w.org\/{rel}","templated":true}]}}